{"id":49,"date":"2021-10-30T21:29:32","date_gmt":"2021-10-30T21:29:32","guid":{"rendered":"http:\/\/www.arodriguez-uribe.com\/?page_id=49"},"modified":"2025-12-11T13:54:15","modified_gmt":"2025-12-11T13:54:15","slug":"policy-reports","status":"publish","type":"page","link":"https:\/\/www.arodriguez-uribe.com\/?page_id=49","title":{"rendered":"Policy outreach"},"content":{"rendered":"\n<figure class=\"wp-block-image size-large is-style-default\"><img loading=\"lazy\" decoding=\"async\" width=\"1024\" height=\"267\" src=\"https:\/\/www.arodriguez-uribe.com\/wp-content\/uploads\/2021\/10\/cropped-Colombia_ARE_ALTA2-scaled-2-1024x267.jpg\" alt=\"\" class=\"wp-image-97\" srcset=\"https:\/\/www.arodriguez-uribe.com\/wp-content\/uploads\/2021\/10\/cropped-Colombia_ARE_ALTA2-scaled-2-1024x267.jpg 1024w, https:\/\/www.arodriguez-uribe.com\/wp-content\/uploads\/2021\/10\/cropped-Colombia_ARE_ALTA2-scaled-2-300x78.jpg 300w, https:\/\/www.arodriguez-uribe.com\/wp-content\/uploads\/2021\/10\/cropped-Colombia_ARE_ALTA2-scaled-2-768x200.jpg 768w, https:\/\/www.arodriguez-uribe.com\/wp-content\/uploads\/2021\/10\/cropped-Colombia_ARE_ALTA2-scaled-2-1536x401.jpg 1536w, https:\/\/www.arodriguez-uribe.com\/wp-content\/uploads\/2021\/10\/cropped-Colombia_ARE_ALTA2-scaled-2-624x163.jpg 624w, https:\/\/www.arodriguez-uribe.com\/wp-content\/uploads\/2021\/10\/cropped-Colombia_ARE_ALTA2-scaled-2.jpg 2000w\" sizes=\"auto, (max-width: 1024px) 100vw, 1024px\" \/><figcaption class=\"wp-element-caption\">Comuna 13, Medell\u00edn, by <a href=\"https:\/\/estudio-h.es\/Home\" data-type=\"URL\" data-id=\"https:\/\/estudio-h.es\/Home\" target=\"_blank\" rel=\"noreferrer noopener\">Estudio-H<\/a><\/figcaption><\/figure>\n\n\n\n<p><a href=\"https:\/\/www.poverty-action.org\/publication\/retos-ocultos-de-la-pandemia-vinculaci%C3%B3n-de-ni%C3%B1os-ni%C3%B1as-y-adolescentes-con-actividades\" data-type=\"URL\" data-id=\"https:\/\/www.poverty-action.org\/publication\/retos-ocultos-de-la-pandemia-vinculaci%C3%B3n-de-ni%C3%B1os-ni%C3%B1as-y-adolescentes-con-actividades\" target=\"_blank\" rel=\"noreferrer noopener\"><strong>Retos ocultos de la pandemia: vinculaci\u00f3n de ni\u00f1os, ni\u00f1as y adolescentes con actividades ilegales en Colombia<\/strong><\/a>. Innovations for Poverty Action RECOVR briefs. <em>Arantxa Rodriguez-Uribe, Juan Vargas, Margarita Rosa Cabra-Garcia, and Olga Romero (2020)<\/em>. <a href=\"https:\/\/twitter.com\/IPA_LAC\/status\/1381708639166156803\" data-type=\"URL\" data-id=\"https:\/\/twitter.com\/IPA_LAC\/status\/1381708639166156803\" target=\"_blank\" rel=\"noreferrer noopener\">Twitter thread<\/a> with an overview of our findings.<\/p>\n\n\n\n<p><a href=\"https:\/\/www.phila.gov\/media\/20210520164628\/Collaborative-Review-and-Reform-of-the-PPD-Police-Board-of-Inquiry.pdf\" data-type=\"URL\" data-id=\"https:\/\/www.phila.gov\/media\/20210520164628\/Collaborative-Review-and-Reform-of-the-PPD-Police-Board-of-Inquiry.pdf\" target=\"_blank\" rel=\"noreferrer noopener\"><strong>Collaborative Review and Reform of the PPD Police Board of Inquiry.<\/strong><\/a>                               Media coverage: <a href=\"https:\/\/www.nbcphiladelphia.com\/news\/local\/complaints-against-philly-cops-average-463-days-to-get-to-a-hearing-few-cops-are-penalized-review-shows\/2825137\/\" data-type=\"URL\" data-id=\"https:\/\/www.nbcphiladelphia.com\/news\/local\/complaints-against-philly-cops-average-463-days-to-get-to-a-hearing-few-cops-are-penalized-review-shows\/2825137\/\" target=\"_blank\" rel=\"noreferrer noopener\">NBC Philadelphia<\/a>.                                                                                                    <a href=\"https:\/\/twitter.com\/jonmummolo\/status\/1395755977794805761\" data-type=\"URL\" data-id=\"https:\/\/twitter.com\/jonmummolo\/status\/1395755977794805761\" target=\"_blank\" rel=\"noreferrer noopener\">Twitter thread<\/a> with an overview of our findings.<\/p>\n\n\n\n<p><strong><a rel=\"noreferrer noopener\" href=\"https:\/\/nadaesgratis.es\/jorge-garcia\/la-infancia-en-un-cargador\/comment-page-1\" data-type=\"URL\" data-id=\"https:\/\/nadaesgratis.es\/jorge-garcia\/la-infancia-en-un-cargador\/comment-page-1\" target=\"_blank\">La infancia en un cargador<\/a><\/strong>. Blog entry in <a rel=\"noreferrer noopener\" href=\"https:\/\/nadaesgratis.es\/\" data-type=\"URL\" data-id=\"https:\/\/nadaesgratis.es\/\" target=\"_blank\">Nada es Gratis<\/a> about child and youth recruitment by non-state armed groups. Spanish.<\/p>\n","protected":false},"excerpt":{"rendered":"<p>Retos ocultos de la pandemia: vinculaci\u00f3n de ni\u00f1os, ni\u00f1as y adolescentes con actividades ilegales en Colombia. Innovations for Poverty Action RECOVR briefs. Arantxa Rodriguez-Uribe, Juan Vargas, Margarita Rosa Cabra-Garcia, and Olga Romero (2020). Twitter thread with an overview of our findings. Collaborative Review and Reform of the PPD Police Board of Inquiry. Media coverage: NBC [&hellip;]<\/p>\n","protected":false},"author":1,"featured_media":0,"parent":0,"menu_order":0,"comment_status":"closed","ping_status":"closed","template":"","meta":{"footnotes":""},"class_list":["post-49","page","type-page","status-publish","hentry"],"_links":{"self":[{"href":"https:\/\/www.arodriguez-uribe.com\/index.php?rest_route=\/wp\/v2\/pages\/49","targetHints":{"allow":["GET"]}}],"collection":[{"href":"https:\/\/www.arodriguez-uribe.com\/index.php?rest_route=\/wp\/v2\/pages"}],"about":[{"href":"https:\/\/www.arodriguez-uribe.com\/index.php?rest_route=\/wp\/v2\/types\/page"}],"author":[{"embeddable":true,"href":"https:\/\/www.arodriguez-uribe.com\/index.php?rest_route=\/wp\/v2\/users\/1"}],"replies":[{"embeddable":true,"href":"https:\/\/www.arodriguez-uribe.com\/index.php?rest_route=%2Fwp%2Fv2%2Fcomments&post=49"}],"version-history":[{"count":12,"href":"https:\/\/www.arodriguez-uribe.com\/index.php?rest_route=\/wp\/v2\/pages\/49\/revisions"}],"predecessor-version":[{"id":288,"href":"https:\/\/www.arodriguez-uribe.com\/index.php?rest_route=\/wp\/v2\/pages\/49\/revisions\/288"}],"wp:attachment":[{"href":"https:\/\/www.arodriguez-uribe.com\/index.php?rest_route=%2Fwp%2Fv2%2Fmedia&parent=49"}],"curies":[{"name":"wp","href":"https:\/\/api.w.org\/{rel}","templated":true}]}}